{"id":17131,"date":"2022-02-10T12:56:48","date_gmt":"2022-02-10T17:56:48","guid":{"rendered":"https:\/\/www.faircanada.ca\/?page_id=17131"},"modified":"2022-02-10T12:56:50","modified_gmt":"2022-02-10T17:56:50","slug":"politique-de-confidentialite","status":"publish","type":"page","link":"https:\/\/faircanada.ca\/fr\/politique-de-confidentialite\/","title":{"rendered":"Politique de confidentialit\u00e9"},"content":{"rendered":"\n<p><strong>Port\u00e9e et application de la pr\u00e9sente politique<\/strong><\/p>\n\n\n\n<p>La pr\u00e9sente politique de confidentialit\u00e9 (\u00ab politique \u00bb) s&#8217;applique \u00e0 toute personne qui acc\u00e8de \u00e0 un site Web ou \u00e0 une autre plateforme num\u00e9rique (\u00ab plateformes num\u00e9riques \u00bb) appartenant \u00e0 la Fondation canadienne pour l&#8217;avancement des droits des investisseurs (\u00ab FAIR Canada \u00bb) ou exploit\u00e9e par elle, y compris, sans s&#8217;y limiter, le site Web situ\u00e9 \u00e0 faircanada.ca.<\/p>\n\n\n\n<p>FAIR Canada a pour politique de se conformer aux lois et r\u00e8glements applicables en mati\u00e8re de protection de la vie priv\u00e9e dans chaque juridiction o\u00f9 elle exerce ses activit\u00e9s.<\/p>\n\n\n\n<p><strong>Qu\u2019entend-on par renseignements personnels?<\/strong><\/p>\n\n\n\n<p>Le terme \u00ab renseignements personnels \u00bb est d\u00e9fini par la <em>Loi sur la protection des renseignements personnels et les documents \u00e9lectroniques<\/em> (LPRPDE) du Canada et d\u00e9signe toute information concernant une personne identifiable.<\/p>\n\n\n\n<p>Sont exclus de cette d\u00e9finition le titre professionnel ou les coordonn\u00e9es professionnelles d&#8217;une personne lorsqu&#8217;ils sont utilis\u00e9s dans le but de communiquer ou de faciliter la communication avec cette personne dans le cadre de son emploi, de son entreprise ou de sa profession.<\/p>\n\n\n\n<p><strong>Quels sont les renseignements personnels que nous recueillons?<\/strong><\/p>\n\n\n\n<p>Nous recueillons le minimum de renseignements personnels n\u00e9cessaires pour les utilisations sp\u00e9cifi\u00e9es dans la pr\u00e9sente politique. Les renseignements personnels que FAIR Canada recueille peuvent inclure les renseignements suivants vous concernant :<\/p>\n\n\n\n<ul class=\"wp-block-list\"><li>Nom<\/li><li>Adresse de courriel<\/li><li>Adresse postale<\/li><li>Num\u00e9ro de t\u00e9l\u00e9phone<\/li><li>Montant de vos dons<\/li><li>Renseignements bancaires ou num\u00e9ro de carte de cr\u00e9dit<\/li><li>Adresse IP (le num\u00e9ro associ\u00e9 \u00e0 votre routeur Internet attribu\u00e9 par votre fournisseur d&#8217;acc\u00e8s Internet).<\/li><\/ul>\n\n\n\n<p>Nous traitons tous ces renseignements personnels conform\u00e9ment \u00e0 la pr\u00e9sente politique.<\/p>\n\n\n\n<p><\/p>\n\n\n\n<p><strong>Comment utilisons-nous vos renseignements personnels?<\/strong><\/p>\n\n\n\n<p>Vos renseignements personnels peuvent \u00eatre utilis\u00e9s \u00e0 l\u2019une ou plusieurs des fins suivantes :<\/p>\n\n\n\n<ul class=\"wp-block-list\"><li>Distribution de notre bulletin si vous vous y \u00eates abonn\u00e9.<\/li><li>Traitement ou reconnaissance de votre don.<\/li><li>Inscription de votre participation \u00e0 une conf\u00e9rence ou \u00e0 un autre \u00e9v\u00e9nement.\u00a0\u00a0<\/li><li>R\u00e9ponses \u00e0 vos demandes de renseignements. <\/li><li>Contr\u00f4le et am\u00e9lioration du fonctionnement de nos plateformes num\u00e9riques.<\/li><\/ul>\n\n\n\n<p><\/p>\n\n\n\n<p>\u00a0Vos renseignements personnels ne seront pas partag\u00e9s avec des tiers, sauf si ce partage est :<\/p>\n\n\n\n<ul class=\"wp-block-list\"><li>autoris\u00e9 par vous;<\/li><li>n\u00e9cessaire pour \u00e9tablir, entretenir ou g\u00e9rer notre ralation avec vous, y compris pour traiter un don;<\/li><li>n\u00e9cessaire pour contr\u00f4ler et am\u00e9liorer le fonctionnement de nos plateformes num\u00e9riques;<\/li><li>requis par les lois ou r\u00e8glements applicables.<\/li><\/ul>\n\n\n\n<p>FAIR Canada ne vendra ni ne louera pas vos renseignements personnels.<\/p>\n\n\n\n<p>Nous ne conserverons vos renseignements personnels qu&#8217;aussi longtemps que n\u00e9cessaire aux fins \u00e9nonc\u00e9es dans la pr\u00e9sente politique et si cela est exig\u00e9 pour se conformer aux lois ou r\u00e9glementations applicables.<\/p>\n\n\n\n<p><\/p>\n\n\n\n<h2 class=\"wp-block-heading\">Comment vos renseignements personnels sont-ils prot\u00e9g\u00e9s?<\/h2>\n\n\n\n<p>FAIR Canada s&#8217;engage \u00e0 maintenir des mesures de protection physiques, techniques et proc\u00e9durales qui sont appropri\u00e9es \u00e0 la sensibilit\u00e9 des renseignements personnels en question. Ces mesures sont con\u00e7ues pour pr\u00e9venir la perte, l&#8217;acc\u00e8s non autoris\u00e9, l&#8217;utilisation ou la divulgation de vos renseignements personnels.<\/p>\n\n\n\n<p>Les dons faits \u00e0 FAIR Canada sont trait\u00e9s par un fournisseur tiers qui utilise des services de paiement s\u00e9curis\u00e9 conformes aux normes de l&#8217;industrie pour les transactions.<\/p>\n\n\n\n<p>N&#8217;oubliez pas qu&#8217;aucune m\u00e9thode de transmission de donn\u00e9es sur Internet n&#8217;est s\u00fbre \u00e0 100 %. M\u00eame si nous nous effor\u00e7ons de d\u00e9ployer des efforts raisonnables pour prot\u00e9ger vos renseignements personnels, nous ne pouvons pas garantir la s\u00e9curit\u00e9 absolue renseignements que vous nous transmettez. Apr\u00e8s les avoir re\u00e7us, nous faisons des efforts raisonnables pour assurer leur s\u00e9curit\u00e9 dans nos syst\u00e8mes.<\/p>\n\n\n\n<p><strong>Votre consentement<\/strong><\/p>\n\n\n\n<p>En utilisant nos plateformes num\u00e9riques et en nous fournissant vos renseignements personnels, vous avez consenti \u00e0 la collecte, \u00e0 l&#8217;utilisation et \u00e0 la divulgation de vos renseignements personnels tel qu\u2019il est expliqu\u00e9 dans la pr\u00e9sente politique.<\/p>\n\n\n\n<p>Vous pouvez modifier ou retirer votre consentement \u00e0 tout moment en communiquant avec nous \u00e0 <a href=\"mailto:info@FAIRcanada.ca\">info@FAIRcanada.ca<\/a>.<\/p>\n\n\n\n<p><strong>Utilisation de cookies<\/strong><\/p>\n\n\n\n<p>Nos plateformes num\u00e9riques peuvent utiliser des \u00ab cookies \u00bb (petits fichiers contenant des renseignements permettant de suivre une visite) pour am\u00e9liorer votre capacit\u00e9 \u00e0 utiliser ces plateformes.\u00a0 Votre navigateur peut \u00eatre configur\u00e9 de mani\u00e8re \u00e0 ne pas accepter les cookies.<\/p>\n\n\n\n<p><\/p>\n\n\n\n<h2 class=\"wp-block-heading\">Liens vers d\u2019autres sites Web<\/h2>\n\n\n\n<p>Nos plateformes num\u00e9riques peuvent contenir des liens menant vers des sites Web et des plateformes num\u00e9riques d\u00e9tenus ou exploit\u00e9s par des tiers qui peuvent \u00eatre soumis \u00e0 des normes de confidentialit\u00e9 diff\u00e9rentes. FAIR Canada n&#8217;est pas responsable de la fa\u00e7on dont ces tiers recueillent, utilisent ou divulguent vos renseignements personnels.<\/p>\n\n\n\n<p><\/p>\n\n\n\n<h2 class=\"wp-block-heading\">Acc\u00e8s \u00e0 vos renseignements personnels<\/h2>\n\n\n\n<p>Vous avez le droit d&#8217;acc\u00e9der \u00e0 vos renseignements personnels et de les mettre \u00e0 jour. Pour ce faire, contactez <a href=\"mailto:info@FAIRCanada.ca\">info@FAIRCanada.ca<\/a>.<\/p>\n\n\n\n<p><\/p>\n\n\n\n<h2 class=\"wp-block-heading\">Mises \u00e0 jour de la politique<\/h2>\n\n\n\n<p>Cette politique peut \u00eatre modifi\u00e9e ou mise \u00e0 jour de temps \u00e0 autre, et elle sera toujours affich\u00e9e ici.<\/p>\n","protected":false},"excerpt":{"rendered":"<p>Port\u00e9e et application de la pr\u00e9sente politique La pr\u00e9sente politique de confidentialit\u00e9 (\u00ab politique \u00bb) s&#8217;applique \u00e0 toute personne qui<\/p>\n","protected":false},"author":10,"featured_media":0,"parent":0,"menu_order":0,"comment_status":"closed","ping_status":"closed","template":"","meta":{"_acf_changed":false,"footnotes":""},"class_list":["post-17131","page","type-page","status-publish","hentry"],"acf":[],"yoast_head":"<!-- This site is optimized with the Yoast SEO Premium plugin v24.2 (Yoast SEO v26.9) - https:\/\/yoast.com\/product\/yoast-seo-premium-wordpress\/ -->\n<title>Politique de confidentialit\u00e9 - FAIR Canada<\/title>\n<meta name=\"robots\" content=\"index, follow, max-snippet:-1, max-image-preview:large, max-video-preview:-1\" \/>\n<link rel=\"canonical\" href=\"https:\/\/faircanada.ca\/fr\/politique-de-confidentialite\/\" \/>\n<meta property=\"og:locale\" content=\"fr_FR\" \/>\n<meta property=\"og:type\" content=\"article\" \/>\n<meta property=\"og:title\" content=\"Politique de confidentialit\u00e9\" \/>\n<meta property=\"og:description\" content=\"Port\u00e9e et application de la pr\u00e9sente politique La pr\u00e9sente politique de confidentialit\u00e9 (\u00ab politique \u00bb) s&#8217;applique \u00e0 toute personne qui\" \/>\n<meta property=\"og:url\" content=\"https:\/\/faircanada.ca\/fr\/politique-de-confidentialite\/\" \/>\n<meta property=\"og:site_name\" content=\"FAIR Canada\" \/>\n<meta property=\"article:publisher\" content=\"https:\/\/www.facebook.com\/pages\/FAIR-Canada\/138310399536931\" \/>\n<meta property=\"article:modified_time\" content=\"2022-02-10T17:56:50+00:00\" \/>\n<meta name=\"twitter:card\" content=\"summary_large_image\" \/>\n<meta name=\"twitter:site\" content=\"@FAIRCanada\" \/>\n<meta name=\"twitter:label1\" content=\"Dur\u00e9e de lecture estim\u00e9e\" \/>\n\t<meta name=\"twitter:data1\" content=\"4 minutes\" \/>\n<script type=\"application\/ld+json\" class=\"yoast-schema-graph\">{\"@context\":\"https:\/\/schema.org\",\"@graph\":[{\"@type\":\"WebPage\",\"@id\":\"https:\/\/faircanada.ca\/fr\/politique-de-confidentialite\/\",\"url\":\"https:\/\/faircanada.ca\/fr\/politique-de-confidentialite\/\",\"name\":\"Politique de confidentialit\u00e9 - FAIR Canada\",\"isPartOf\":{\"@id\":\"https:\/\/faircanada.ca\/fr\/#website\"},\"datePublished\":\"2022-02-10T17:56:48+00:00\",\"dateModified\":\"2022-02-10T17:56:50+00:00\",\"breadcrumb\":{\"@id\":\"https:\/\/faircanada.ca\/fr\/politique-de-confidentialite\/#breadcrumb\"},\"inLanguage\":\"fr-FR\",\"potentialAction\":[{\"@type\":\"ReadAction\",\"target\":[\"https:\/\/faircanada.ca\/fr\/politique-de-confidentialite\/\"]}]},{\"@type\":\"BreadcrumbList\",\"@id\":\"https:\/\/faircanada.ca\/fr\/politique-de-confidentialite\/#breadcrumb\",\"itemListElement\":[{\"@type\":\"ListItem\",\"position\":1,\"name\":\"Accueil\",\"item\":\"https:\/\/faircanada.ca\/fr\/\"},{\"@type\":\"ListItem\",\"position\":2,\"name\":\"Politique de confidentialit\u00e9\"}]},{\"@type\":\"WebSite\",\"@id\":\"https:\/\/faircanada.ca\/fr\/#website\",\"url\":\"https:\/\/faircanada.ca\/fr\/\",\"name\":\"FAIR Canada\",\"description\":\"FAIR Canada is a national, non-profit organization dedicated to putting investors first.\",\"publisher\":{\"@id\":\"https:\/\/faircanada.ca\/fr\/#organization\"},\"potentialAction\":[{\"@type\":\"SearchAction\",\"target\":{\"@type\":\"EntryPoint\",\"urlTemplate\":\"https:\/\/faircanada.ca\/fr\/?s={search_term_string}\"},\"query-input\":{\"@type\":\"PropertyValueSpecification\",\"valueRequired\":true,\"valueName\":\"search_term_string\"}}],\"inLanguage\":\"fr-FR\"},{\"@type\":\"Organization\",\"@id\":\"https:\/\/faircanada.ca\/fr\/#organization\",\"name\":\"FairCanada\",\"url\":\"https:\/\/faircanada.ca\/fr\/\",\"logo\":{\"@type\":\"ImageObject\",\"inLanguage\":\"fr-FR\",\"@id\":\"https:\/\/faircanada.ca\/fr\/#\/schema\/logo\/image\/\",\"url\":\"https:\/\/faircanada.ca\/wp-content\/uploads\/2022\/01\/faircanada-logo.svg\",\"contentUrl\":\"https:\/\/faircanada.ca\/wp-content\/uploads\/2022\/01\/faircanada-logo.svg\",\"width\":307,\"height\":52,\"caption\":\"FairCanada\"},\"image\":{\"@id\":\"https:\/\/faircanada.ca\/fr\/#\/schema\/logo\/image\/\"},\"sameAs\":[\"https:\/\/www.facebook.com\/pages\/FAIR-Canada\/138310399536931\",\"https:\/\/x.com\/FAIRCanada\"]}]}<\/script>\n<!-- \/ Yoast SEO Premium plugin. -->","yoast_head_json":{"title":"Politique de confidentialit\u00e9 - FAIR Canada","robots":{"index":"index","follow":"follow","max-snippet":"max-snippet:-1","max-image-preview":"max-image-preview:large","max-video-preview":"max-video-preview:-1"},"canonical":"https:\/\/faircanada.ca\/fr\/politique-de-confidentialite\/","og_locale":"fr_FR","og_type":"article","og_title":"Politique de confidentialit\u00e9","og_description":"Port\u00e9e et application de la pr\u00e9sente politique La pr\u00e9sente politique de confidentialit\u00e9 (\u00ab politique \u00bb) s&#8217;applique \u00e0 toute personne qui","og_url":"https:\/\/faircanada.ca\/fr\/politique-de-confidentialite\/","og_site_name":"FAIR Canada","article_publisher":"https:\/\/www.facebook.com\/pages\/FAIR-Canada\/138310399536931","article_modified_time":"2022-02-10T17:56:50+00:00","twitter_card":"summary_large_image","twitter_site":"@FAIRCanada","twitter_misc":{"Dur\u00e9e de lecture estim\u00e9e":"4 minutes"},"schema":{"@context":"https:\/\/schema.org","@graph":[{"@type":"WebPage","@id":"https:\/\/faircanada.ca\/fr\/politique-de-confidentialite\/","url":"https:\/\/faircanada.ca\/fr\/politique-de-confidentialite\/","name":"Politique de confidentialit\u00e9 - FAIR Canada","isPartOf":{"@id":"https:\/\/faircanada.ca\/fr\/#website"},"datePublished":"2022-02-10T17:56:48+00:00","dateModified":"2022-02-10T17:56:50+00:00","breadcrumb":{"@id":"https:\/\/faircanada.ca\/fr\/politique-de-confidentialite\/#breadcrumb"},"inLanguage":"fr-FR","potentialAction":[{"@type":"ReadAction","target":["https:\/\/faircanada.ca\/fr\/politique-de-confidentialite\/"]}]},{"@type":"BreadcrumbList","@id":"https:\/\/faircanada.ca\/fr\/politique-de-confidentialite\/#breadcrumb","itemListElement":[{"@type":"ListItem","position":1,"name":"Accueil","item":"https:\/\/faircanada.ca\/fr\/"},{"@type":"ListItem","position":2,"name":"Politique de confidentialit\u00e9"}]},{"@type":"WebSite","@id":"https:\/\/faircanada.ca\/fr\/#website","url":"https:\/\/faircanada.ca\/fr\/","name":"FAIR Canada","description":"FAIR Canada is a national, non-profit organization dedicated to putting investors first.","publisher":{"@id":"https:\/\/faircanada.ca\/fr\/#organization"},"potentialAction":[{"@type":"SearchAction","target":{"@type":"EntryPoint","urlTemplate":"https:\/\/faircanada.ca\/fr\/?s={search_term_string}"},"query-input":{"@type":"PropertyValueSpecification","valueRequired":true,"valueName":"search_term_string"}}],"inLanguage":"fr-FR"},{"@type":"Organization","@id":"https:\/\/faircanada.ca\/fr\/#organization","name":"FairCanada","url":"https:\/\/faircanada.ca\/fr\/","logo":{"@type":"ImageObject","inLanguage":"fr-FR","@id":"https:\/\/faircanada.ca\/fr\/#\/schema\/logo\/image\/","url":"https:\/\/faircanada.ca\/wp-content\/uploads\/2022\/01\/faircanada-logo.svg","contentUrl":"https:\/\/faircanada.ca\/wp-content\/uploads\/2022\/01\/faircanada-logo.svg","width":307,"height":52,"caption":"FairCanada"},"image":{"@id":"https:\/\/faircanada.ca\/fr\/#\/schema\/logo\/image\/"},"sameAs":["https:\/\/www.facebook.com\/pages\/FAIR-Canada\/138310399536931","https:\/\/x.com\/FAIRCanada"]}]}},"_links":{"self":[{"href":"https:\/\/faircanada.ca\/fr\/wp-json\/wp\/v2\/pages\/17131","targetHints":{"allow":["GET"]}}],"collection":[{"href":"https:\/\/faircanada.ca\/fr\/wp-json\/wp\/v2\/pages"}],"about":[{"href":"https:\/\/faircanada.ca\/fr\/wp-json\/wp\/v2\/types\/page"}],"author":[{"embeddable":true,"href":"https:\/\/faircanada.ca\/fr\/wp-json\/wp\/v2\/users\/10"}],"replies":[{"embeddable":true,"href":"https:\/\/faircanada.ca\/fr\/wp-json\/wp\/v2\/comments?post=17131"}],"version-history":[{"count":0,"href":"https:\/\/faircanada.ca\/fr\/wp-json\/wp\/v2\/pages\/17131\/revisions"}],"wp:attachment":[{"href":"https:\/\/faircanada.ca\/fr\/wp-json\/wp\/v2\/media?parent=17131"}],"curies":[{"name":"wp","href":"https:\/\/api.w.org\/{rel}","templated":true}]}}